{"id":13983,"date":"2021-05-10T21:25:03","date_gmt":"2021-05-10T21:25:03","guid":{"rendered":"http:\/\/porttrade.com.br\/grupoporttrade.com.br\/?page_id=13983"},"modified":"2021-11-29T11:49:10","modified_gmt":"2021-11-29T11:49:10","slug":"contato","status":"publish","type":"page","link":"https:\/\/grupoporttrade.com.br\/index.php\/contato\/","title":{"rendered":"CONTATO"},"content":{"rendered":"<p>[vc_row gap=&#8221;80&#8243; css=&#8221;.vc_custom_1530533604775{padding-top: 40px !important;padding-bottom: 40px !important;}&#8221;][vc_column animation_delay=&#8221;0&#8243; offset=&#8221;vc_col-lg-8 vc_col-md-8 vc_col-xs-12&#8243;]<h3 id=\"et-animated-title-1\" class=\"et-animated-title et-clearfix  words-direct\" data-mobile-font=\"24px\" data-tablet-font=\"32px\" data-delay=\"\" style=\"font-size:48px;font-weight:700;line-height:56px;color:#212121;\"><span class=\"text-wrapper\"><span class=\"text\">ENTRE EM CONTATO<\/span><\/span><\/h3><div class=\"gap et-clearfix \" style=\"height:2px\"><\/div><h3 id=\"et-animated-title-2\" class=\"et-animated-title et-clearfix  letter-direct\" data-mobile-font=\"inherit\" data-tablet-font=\"inherit\" data-delay=\"200\" style=\"font-size:24px;font-weight:700;line-height:32px;color:#923223;\"><span class=\"text-wrapper\"><span class=\"text\">E descubra como podemos te ajudar<\/span><\/span><\/h3><div class=\"gap et-clearfix \" style=\"height:32px\"><\/div><div class=\"et-simple-braket-block-wrapper\"><style>#et-simple-braket-block-1 .braket-text {font-size:24px;font-weight:400;line-height:32px;}#et-simple-braket-block-1 .braket > div  {background-color:#923223;}<\/style><div id=\"et-simple-braket-block-1\" class=\"et-simple-braket-block \"><div class=\"braket\"><div><\/div><div><\/div><div><\/div><\/div><div class=\"braket-text\" data-mobile-font=\"inherit\" data-tablet-font=\"inherit\">Voc\u00ea pode nos encontrar nos endere\u00e7os abaixo ou, para detalhes de contato espec\u00edficos, pode preencher o formul\u00e1rio ao final desta aba.<\/div><\/div><\/div>[\/vc_column][vc_column animation_delay=&#8221;0&#8243; offset=&#8221;vc_col-lg-4 vc_hidden-lg vc_col-md-4 vc_hidden-md vc_hidden-sm vc_col-xs-12 vc_hidden-xs&#8221;][\/vc_column][\/vc_row][vc_row css=&#8221;.vc_custom_1532443613873{padding-top: 96px !important;padding-bottom: 24px !important;}&#8221;][vc_column width=&#8221;1\/6&#8243;][\/vc_column][vc_column animation_delay=&#8221;0&#8243; width=&#8221;2\/3&#8243; el_class=&#8221;contact-form-button-full&#8221;]\n<div class=\"wpcf7 no-js\" id=\"wpcf7-f13901-o1\" lang=\"pt-PT\" dir=\"ltr\">\n<div class=\"screen-reader-response\"><p role=\"status\" aria-live=\"polite\" aria-atomic=\"true\"><\/p> <ul><\/ul><\/div>\n<form action=\"\/index.php\/wp-json\/wp\/v2\/pages\/13983#wpcf7-f13901-o1\" method=\"post\" class=\"wpcf7-form init\" aria-label=\"Formul\u00e1rio de contacto\" novalidate=\"novalidate\" data-status=\"init\">\n<div style=\"display: none;\">\n<input type=\"hidden\" name=\"_wpcf7\" value=\"13901\" \/>\n<input type=\"hidden\" name=\"_wpcf7_version\" value=\"5.7.7\" \/>\n<input type=\"hidden\" name=\"_wpcf7_locale\" value=\"pt_PT\" \/>\n<input type=\"hidden\" name=\"_wpcf7_unit_tag\" value=\"wpcf7-f13901-o1\" \/>\n<input type=\"hidden\" name=\"_wpcf7_container_post\" value=\"0\" \/>\n<input type=\"hidden\" name=\"_wpcf7_posted_data_hash\" value=\"\" \/>\n<\/div>\n<p><label> Nome completo<br \/>\n<span class=\"wpcf7-form-control-wrap\" data-name=\"nome\"><input size=\"40\" class=\"wpcf7-form-control wpcf7-text wpcf7-validates-as-required\" aria-required=\"true\" aria-invalid=\"false\" value=\"\" type=\"text\" name=\"nome\" \/><\/span> <\/label>\n<\/p>\n<p><label> E-mail principal<br \/>\n<span class=\"wpcf7-form-control-wrap\" data-name=\"email\"><input size=\"40\" class=\"wpcf7-form-control wpcf7-text wpcf7-email wpcf7-validates-as-required wpcf7-validates-as-email\" aria-required=\"true\" aria-invalid=\"false\" value=\"\" type=\"email\" name=\"email\" \/><\/span> <\/label>\n<\/p>\n<p><label> WhatsApp v\u00e1lido<br \/>\n<span class=\"wpcf7-form-control-wrap\" data-name=\"whats\"><input size=\"40\" class=\"wpcf7-form-control wpcf7-text wpcf7-tel wpcf7-validates-as-required wpcf7-validates-as-tel\" aria-required=\"true\" aria-invalid=\"false\" value=\"\" type=\"tel\" name=\"whats\" \/><\/span> <\/label>\n<\/p>\n<p><label> Mensagem<br \/>\n<span class=\"wpcf7-form-control-wrap\" data-name=\"mensagem\"><textarea cols=\"40\" rows=\"10\" class=\"wpcf7-form-control wpcf7-textarea wpcf7-validates-as-required\" aria-required=\"true\" aria-invalid=\"false\" placeholder=\"Como podemos te ajudar?\" name=\"mensagem\"><\/textarea><\/span> <\/label>\n<\/p>\n<p><input class=\"wpcf7-form-control has-spinner wpcf7-submit\" type=\"submit\" value=\"Enviar mensagem\" \/>\n<\/p><p style=\"display: none !important;\"><label>&#916;<textarea name=\"_wpcf7_ak_hp_textarea\" cols=\"45\" rows=\"8\" maxlength=\"100\"><\/textarea><\/label><input type=\"hidden\" id=\"ak_js_1\" name=\"_wpcf7_ak_js\" value=\"123\"\/><script>document.getElementById( \"ak_js_1\" ).setAttribute( \"value\", ( new Date() ).getTime() );<\/script><\/p><div class=\"wpcf7-response-output\" aria-hidden=\"true\"><\/div>\n<\/form>\n<\/div>\n[\/vc_column][vc_column width=&#8221;1\/6&#8243;][\/vc_column][\/vc_row][vc_row full_width=&#8221;stretch_row&#8221; gap=&#8221;40&#8243; equal_height=&#8221;yes&#8221; content_placement=&#8221;middle&#8221; css=&#8221;.vc_custom_1638186430250{padding-top: 96px !important;padding-bottom: 72px !important;background: #923223 url(http:\/\/grupoporttrade.com.br\/wp-content\/uploads\/2021\/07\/MapAzulPortTrade.png?id=14108) !important;background-position: center !important;background-repeat: no-repeat !important;background-size: cover !important;}&#8221;][vc_column animation_delay=&#8221;0&#8243; css_animation=&#8221;bottom-to-top&#8221; width=&#8221;1\/2&#8243; el_class=&#8221;text-align-center&#8221;]<div class=\"et-el-icon large \" style=\"color:#ffffff;\"><span class=\"el-icon fa fa-map-marker-alt animate-false\"><\/span><\/div><div class=\"gap et-clearfix \" style=\"height:16px\"><\/div>[vc_custom_heading text=&#8221;BRASIL&#8221; font_container=&#8221;tag:h6|font_size:18px|text_align:center|color:%23ffffff|line_height:32px&#8221; use_theme_fonts=&#8221;yes&#8221; css=&#8221;.vc_custom_1625752273234{margin-bottom: 0px !important;}&#8221;][vc_custom_heading text=&#8221;R. M\u00e9xico, 31 sala 1502<br \/>\nCentro Rio de Janeiro\/RJ<br \/>\nCEP: 20.031-904&#8243; font_container=&#8221;tag:p|font_size:18px|text_align:center|color:%23ffffff|line_height:32px&#8221; use_theme_fonts=&#8221;yes&#8221; css=&#8221;.vc_custom_1638184619234{margin-bottom: 0px !important;}&#8221;][\/vc_column][vc_column animation_delay=&#8221;0&#8243; css_animation=&#8221;bottom-to-top&#8221; width=&#8221;1\/2&#8243; el_class=&#8221;text-align-center&#8221;]<div class=\"et-el-icon large \" style=\"color:#ffffff;\"><span class=\"el-icon fa fa-map-marker-alt animate-false\"><\/span><\/div><div class=\"gap et-clearfix \" style=\"height:16px\"><\/div>[vc_custom_heading text=&#8221;BRASIL&#8221; font_container=&#8221;tag:h6|font_size:18px|text_align:center|color:%23ffffff|line_height:32px&#8221; use_theme_fonts=&#8221;yes&#8221; css=&#8221;.vc_custom_1638185040351{margin-bottom: 0px !important;}&#8221;][vc_custom_heading text=&#8221;Av. Feliciano Sodr\u00e9 266 sala 103<br \/>\nV\u00e1rzea Teres\u00f3polis RJ<br \/>\nCEP: 25963-081&#8243; font_container=&#8221;tag:p|font_size:18px|text_align:center|color:%23ffffff|line_height:32px&#8221; use_theme_fonts=&#8221;yes&#8221; css=&#8221;.vc_custom_1638184913886{margin-bottom: 0px !important;}&#8221;][\/vc_column][vc_column animation_delay=&#8221;150&#8243; css_animation=&#8221;bottom-to-top&#8221; width=&#8221;1\/2&#8243; el_class=&#8221;text-align-center&#8221;]<div class=\"et-el-icon large \" style=\"color:#ffffff;\"><span class=\"el-icon fa fa-map-marker-alt animate-false\"><\/span><\/div><div class=\"gap et-clearfix \" style=\"height:16px\"><\/div>[vc_custom_heading text=&#8221;USA&#8221; font_container=&#8221;tag:h6|font_size:18px|text_align:center|color:%23ffffff|line_height:32px&#8221; use_theme_fonts=&#8221;yes&#8221; css=&#8221;.vc_custom_1625752350413{margin-bottom: 0px !important;}&#8221;][vc_custom_heading text=&#8221;2100 NW 129th Avenue<br \/>\nSuite 115<br \/>\nMiami, FL, 33182, USA&#8221; font_container=&#8221;tag:p|font_size:18px|text_align:center|color:%23ffffff|line_height:32px&#8221; use_theme_fonts=&#8221;yes&#8221; css=&#8221;.vc_custom_1625752364333{margin-bottom: 0px !important;}&#8221;][\/vc_column][vc_column animation_delay=&#8221;0&#8243; css_animation=&#8221;bottom-to-top&#8221; width=&#8221;1\/2&#8243; el_class=&#8221;text-align-center&#8221;]<div class=\"et-el-icon large \" style=\"color:#ffffff;\"><span class=\"el-icon fa fa-map-marker-alt animate-false\"><\/span><\/div><div class=\"gap et-clearfix \" style=\"height:16px\"><\/div>[vc_custom_heading text=&#8221;ENGLAND&#8221; font_container=&#8221;tag:h6|font_size:18px|text_align:center|color:%23ffffff|line_height:32px&#8221; use_theme_fonts=&#8221;yes&#8221; css=&#8221;.vc_custom_1638185440105{margin-bottom: 0px !important;}&#8221;][vc_custom_heading text=&#8221;22c Bamfurlong Industrial Park<br \/>\nGloucestershire, GL51 6SX<br \/>\nLondon England&#8221; font_container=&#8221;tag:p|font_size:18px|text_align:center|color:%23ffffff|line_height:32px&#8221; use_theme_fonts=&#8221;yes&#8221; css=&#8221;.vc_custom_1638185475800{margin-bottom: 0px !important;}&#8221;][\/vc_column][vc_column animation_delay=&#8221;300&#8243; css_animation=&#8221;bottom-to-top&#8221; width=&#8221;1\/2&#8243; el_class=&#8221;text-align-center&#8221;]<div class=\"et-el-icon large \" style=\"color:#ffffff;\"><span class=\"el-icon fa fa-map-marker-alt animate-false\"><\/span><\/div><div class=\"gap et-clearfix \" style=\"height:16px\"><\/div>[vc_custom_heading text=&#8221;SHANGHAI&#8221; font_container=&#8221;tag:h6|font_size:18px|text_align:center|color:%23ffffff|line_height:32px&#8221; use_theme_fonts=&#8221;yes&#8221; css=&#8221;.vc_custom_1625752411193{margin-bottom: 0px !important;}&#8221;][vc_custom_heading text=&#8221;Hitime Tower, Room 528-531<br \/>\n289 Wu Jin Road<br \/>\nXangai 200080&#8243; font_container=&#8221;tag:p|font_size:18px|text_align:center|color:%23ffffff|line_height:32px&#8221; use_theme_fonts=&#8221;yes&#8221; css=&#8221;.vc_custom_1625752441894{margin-bottom: 0px !important;}&#8221;][\/vc_column][vc_column animation_delay=&#8221;0&#8243; css_animation=&#8221;bottom-to-top&#8221; width=&#8221;1\/2&#8243; el_class=&#8221;text-align-center&#8221;]<div class=\"et-el-icon large \" style=\"color:#ffffff;\"><span class=\"el-icon fa fa-map-marker-alt animate-false\"><\/span><\/div><div class=\"gap et-clearfix \" style=\"height:16px\"><\/div>[vc_custom_heading text=&#8221;ARGENTINA&#8221; font_container=&#8221;tag:h6|font_size:18px|text_align:center|color:%23ffffff|line_height:32px&#8221; use_theme_fonts=&#8221;yes&#8221; css=&#8221;.vc_custom_1638185662647{margin-bottom: 0px !important;}&#8221;][vc_custom_heading text=&#8221;Libertad 1262, 11th floor, suite A(1012)<br \/>\nCiudad Autonoma de Buenos Aires&#8221; font_container=&#8221;tag:p|font_size:18px|text_align:center|color:%23ffffff|line_height:32px&#8221; use_theme_fonts=&#8221;yes&#8221; css=&#8221;.vc_custom_1638185673518{margin-bottom: 0px !important;}&#8221;][\/vc_column][\/vc_row]<\/p>\n","protected":false},"excerpt":{"rendered":"<p>Leverage agile frameworks to provide a robust synopsis for high level overviews. Iterative approaches to corporate strategy foster collaborative thinking to further the overall value proposition. Organically grow the holistic world view of disruptive innovation via workplace diversity and empowerment.<\/p>\n","protected":false},"author":1,"featured_media":0,"parent":0,"menu_order":0,"comment_status":"closed","ping_status":"closed","template":"page-vc.php","meta":[],"_links":{"self":[{"href":"https:\/\/grupoporttrade.com.br\/index.php\/wp-json\/wp\/v2\/pages\/13983"}],"collection":[{"href":"https:\/\/grupoporttrade.com.br\/index.php\/wp-json\/wp\/v2\/pages"}],"about":[{"href":"https:\/\/grupoporttrade.com.br\/index.php\/wp-json\/wp\/v2\/types\/page"}],"author":[{"embeddable":true,"href":"https:\/\/grupoporttrade.com.br\/index.php\/wp-json\/wp\/v2\/users\/1"}],"replies":[{"embeddable":true,"href":"https:\/\/grupoporttrade.com.br\/index.php\/wp-json\/wp\/v2\/comments?post=13983"}],"version-history":[{"count":29,"href":"https:\/\/grupoporttrade.com.br\/index.php\/wp-json\/wp\/v2\/pages\/13983\/revisions"}],"predecessor-version":[{"id":14646,"href":"https:\/\/grupoporttrade.com.br\/index.php\/wp-json\/wp\/v2\/pages\/13983\/revisions\/14646"}],"wp:attachment":[{"href":"https:\/\/grupoporttrade.com.br\/index.php\/wp-json\/wp\/v2\/media?parent=13983"}],"curies":[{"name":"wp","href":"https:\/\/api.w.org\/{rel}","templated":true}]}}