{"id":3389,"date":"2018-02-20T10:47:49","date_gmt":"2018-02-20T10:47:49","guid":{"rendered":"https:\/\/enovathemes.com\/globax\/?page_id=3389"},"modified":"2022-08-05T19:16:31","modified_gmt":"2022-08-05T19:16:31","slug":"home","status":"publish","type":"page","link":"https:\/\/grupoporttrade.com.br\/","title":{"rendered":"PORTTRADE GROUP"},"content":{"rendered":"<p>[vc_row full_width=&#8221;stretch_row_content&#8221; gap=&#8221;0&#8243;][vc_column animation_delay=&#8221;0&#8243; offset=&#8221;vc_col-lg-4 vc_col-xs-12&#8243;]<div class=\"et-stylish-box stylish-hover top\"><a href=\"index.php\/cargo\/\" target=\"_self\"><div class=\"image post-image\"><div class=\"image-container\"><img width=\"960\" height=\"480\" src=\"https:\/\/grupoporttrade.com.br\/wp-content\/uploads\/2021\/05\/banner_cargo.png\" alt=\"\"><\/div><\/div><div class=\"stylish-line-box\"><div class=\"stylish-line-wrapper\"><div class=\"stylish-line\"><span class=\"stylish-line-ghost\"><span class=\"stylish-line-ghost-before\"><\/span><span class=\"stylish-line-ghost-middle\"><\/span><span class=\"stylish-line-ghost-after\"><\/span><\/span><p class=\"stylish-subtitle\">Log\u00edstica de ponta para a sua empresa<\/p><h3 class=\"stylish-title\" style=\"font-size:32px;line-height:40px;\" data-mobile-font=\"18px\" data-tablet-font=\"inherit\">PORT TRADE CARGO<\/h3><\/div><\/div><\/div><\/a><\/div>[\/vc_column][vc_column animation_delay=&#8221;0&#8243; offset=&#8221;vc_col-lg-4 vc_col-xs-12&#8243;]<div class=\"et-stylish-box stylish-hover bottom\"><a href=\"index.php\/energy\/\" target=\"_self\"><div class=\"image post-image\"><div class=\"image-container\"><img width=\"960\" height=\"480\" src=\"https:\/\/grupoporttrade.com.br\/wp-content\/uploads\/2021\/05\/banner_solar.png\" alt=\"\"><\/div><\/div><div class=\"stylish-line-box\"><div class=\"stylish-line-wrapper\"><div class=\"stylish-line\"><span class=\"stylish-line-ghost\"><span class=\"stylish-line-ghost-before\"><\/span><span class=\"stylish-line-ghost-middle\"><\/span><span class=\"stylish-line-ghost-after\"><\/span><\/span><p class=\"stylish-subtitle\">Projetos de Energia Solar<\/p><h3 class=\"stylish-title\" style=\"font-size:32px;line-height:40px;\" data-mobile-font=\"18px\" data-tablet-font=\"inherit\">PORT TRADE ENERGY<\/h3><\/div><\/div><\/div><\/a><\/div>[\/vc_column][vc_column animation_delay=&#8221;0&#8243; offset=&#8221;vc_col-lg-4 vc_col-xs-12&#8243;]<div class=\"et-stylish-box stylish-hover top\"><a href=\"index.php\/trading\/\" target=\"_self\"><div class=\"image post-image\"><div class=\"image-container\"><img width=\"960\" height=\"480\" src=\"https:\/\/grupoporttrade.com.br\/wp-content\/uploads\/2021\/07\/Mini-banner-Port-Trade-Grupo-960x480-1.jpg\" alt=\"\"><\/div><\/div><div class=\"stylish-line-box\"><div class=\"stylish-line-wrapper\"><div class=\"stylish-line\"><span class=\"stylish-line-ghost\"><span class=\"stylish-line-ghost-before\"><\/span><span class=\"stylish-line-ghost-middle\"><\/span><span class=\"stylish-line-ghost-after\"><\/span><\/span><p class=\"stylish-subtitle\">Seguran\u00e7a nas Opera\u00e7\u00f5es<\/p><h3 class=\"stylish-title\" style=\"font-size:32px;line-height:40px;\" data-mobile-font=\"18px\" data-tablet-font=\"inherit\">PORT TRADE TRADING<\/h3><\/div><\/div><\/div><\/a><\/div>[\/vc_column][\/vc_row][vc_row equal_height=&#8221;yes&#8221; content_placement=&#8221;middle&#8221; css=&#8221;.vc_custom_1659726954819{margin-top: 100px !important;margin-bottom: 100px !important;}&#8221;][vc_column animation_delay=&#8221;0&#8243; responsive_padding_heading=&#8221;&#8221; under480_start=&#8221;&#8221; offset=&#8221;vc_col-lg-6&#8243; under480_end=&#8221;&#8221; over480_under_768_start=&#8221;&#8221; over480_under_768_end=&#8221;&#8221; over768_under_1024_start=&#8221;&#8221; over768_under_1024_end=&#8221;&#8221; over1024_under_1280_start=&#8221;&#8221; over1024_under_1280_end=&#8221;&#8221; over1280_under_1366_start=&#8221;&#8221; over1280_under_1366_end=&#8221;&#8221; over1366_under_1600_start=&#8221;&#8221; over1366_under_1600_end=&#8221;&#8221; over1600_start=&#8221;&#8221; over1600_end=&#8221;&#8221;]<h1 id=\"et-animated-title-1\" class=\"et-animated-title et-clearfix  curtain curtain-left\" data-mobile-font=\"inherit\" data-tablet-font=\"inherit\" data-delay=\"0\" style=\"font-weight:400;color:#212121;\"><span class=\"text-wrapper\"><span class=\"text\">Quem somos<\/span><span class=\"curtain\" style=\"background-color:#fd8c40;\"><\/span><\/span><\/h1><div class=\"gap et-clearfix \" style=\"height:30px\"><\/div>[vc_column_text]A Port Trade Group trabalha com conex\u00f5es globais: voc\u00ea e sua empresa chegam a qualquer lugar do mundo. Garantimos um atendimento personalizado, fornecendo toda a tecnologia dispon\u00edvel para cumprir seus prazos e atender suas expectativas.<\/p>\n<p>A Port Trade \u00e9 uma trading company completa, com uma rede global de parceiros, garantindo uma maior seguran\u00e7a nas opera\u00e7\u00f5es.<\/p>\n<p>A extens\u00e3o da nossa assessoria vai desde de o estudo da legisla\u00e7\u00e3o e regulariza\u00e7\u00e3o processual, at\u00e9 os contratos comerciais ao redor do mundo, para auxiliar a sua empresa a fechar neg\u00f3cios com alto valor operacional e financeiro agregados.<\/p>\n<p>As nossas metodologias s\u00e3o comprovadas, nossa equipe \u00e9 qualificada e a abordagem \u00e9 altamente responsiva.<\/p>\n<p>H\u00e1 quase duas d\u00e9cadas, a Port Trade Group oferece solu\u00e7\u00f5es de log\u00edstica integrada com gerenciamento dos mais variados servi\u00e7os e projetos.<\/p>\n<p>A Port Trade sabe como tornar o seu neg\u00f3cio verdadeiramente global.[\/vc_column_text][\/vc_column][vc_column animation_delay=&#8221;0&#8243; responsive_padding_heading=&#8221;&#8221; under480_start=&#8221;&#8221; offset=&#8221;vc_col-lg-6&#8243; under480_end=&#8221;&#8221; over480_under_768_start=&#8221;&#8221; over480_under_768_end=&#8221;&#8221; over768_under_1024_start=&#8221;&#8221; over768_under_1024_end=&#8221;&#8221; over1024_under_1280_start=&#8221;&#8221; over1024_under_1280_end=&#8221;&#8221; over1280_under_1366_start=&#8221;&#8221; over1280_under_1366_end=&#8221;&#8221; over1366_under_1600_start=&#8221;&#8221; over1366_under_1600_end=&#8221;&#8221; over1600_start=&#8221;&#8221; over1600_end=&#8221;&#8221;]<div class=\"video-embed\" style=\"\"><div class=\"flex-mod\"><iframe allowfullscreen=\"allowfullscreen\" frameBorder=\"0\" src=\"\/\/www.youtube-nocookie.com\/embed\/2cubtZmuYeo\" class=\"iframevideo\"><\/iframe><\/div><\/div>[\/vc_column][\/vc_row][vc_row][vc_column]<div class=\"gap et-clearfix \" style=\"height:2px\"><\/div><h3 id=\"et-animated-title-2\" class=\"et-animated-title et-clearfix  curtain curtain-left\" data-mobile-font=\"24px\" data-tablet-font=\"32px\" data-delay=\"0\" style=\"font-size:48px;font-weight:700;line-height:56px;color:#212121;\"><span class=\"text-wrapper\"><span class=\"text\">Entre em contato<\/span><span class=\"curtain\" style=\"background-color:#fd8c40;\"><\/span><\/span><\/h3><div class=\"gap et-clearfix \" style=\"height:2px\"><\/div><h3 id=\"et-animated-title-3\" class=\"et-animated-title et-clearfix  curtain curtain-left\" data-mobile-font=\"inherit\" data-tablet-font=\"inherit\" data-delay=\"0\" style=\"font-size:24px;font-weight:700;line-height:32px;color:#923223;\"><span class=\"text-wrapper\"><span class=\"text\">Envie sua mensagem<\/span><span class=\"curtain\" style=\"background-color:#fd8c40;\"><\/span><\/span><\/h3><div class=\"gap et-clearfix \" style=\"height:2px\"><\/div>[\/vc_column][\/vc_row][vc_row][vc_column width=&#8221;1\/6&#8243;][\/vc_column][vc_column width=&#8221;4\/6&#8243;]\n<div class=\"wpcf7 no-js\" id=\"wpcf7-f13901-o1\" lang=\"pt-PT\" dir=\"ltr\">\n<div class=\"screen-reader-response\"><p role=\"status\" aria-live=\"polite\" aria-atomic=\"true\"><\/p> <ul><\/ul><\/div>\n<form action=\"\/index.php\/wp-json\/wp\/v2\/pages\/3389#wpcf7-f13901-o1\" method=\"post\" class=\"wpcf7-form init\" aria-label=\"Formul\u00e1rio de contacto\" novalidate=\"novalidate\" data-status=\"init\">\n<div style=\"display: none;\">\n<input type=\"hidden\" name=\"_wpcf7\" value=\"13901\" \/>\n<input type=\"hidden\" name=\"_wpcf7_version\" value=\"5.7.7\" \/>\n<input type=\"hidden\" name=\"_wpcf7_locale\" value=\"pt_PT\" \/>\n<input type=\"hidden\" name=\"_wpcf7_unit_tag\" value=\"wpcf7-f13901-o1\" \/>\n<input type=\"hidden\" name=\"_wpcf7_container_post\" value=\"0\" \/>\n<input type=\"hidden\" name=\"_wpcf7_posted_data_hash\" value=\"\" \/>\n<\/div>\n<p><label> Nome completo<br \/>\n<span class=\"wpcf7-form-control-wrap\" data-name=\"nome\"><input size=\"40\" class=\"wpcf7-form-control wpcf7-text wpcf7-validates-as-required\" aria-required=\"true\" aria-invalid=\"false\" value=\"\" type=\"text\" name=\"nome\" \/><\/span> <\/label>\n<\/p>\n<p><label> E-mail principal<br \/>\n<span class=\"wpcf7-form-control-wrap\" data-name=\"email\"><input size=\"40\" class=\"wpcf7-form-control wpcf7-text wpcf7-email wpcf7-validates-as-required wpcf7-validates-as-email\" aria-required=\"true\" aria-invalid=\"false\" value=\"\" type=\"email\" name=\"email\" \/><\/span> <\/label>\n<\/p>\n<p><label> WhatsApp v\u00e1lido<br \/>\n<span class=\"wpcf7-form-control-wrap\" data-name=\"whats\"><input size=\"40\" class=\"wpcf7-form-control wpcf7-text wpcf7-tel wpcf7-validates-as-required wpcf7-validates-as-tel\" aria-required=\"true\" aria-invalid=\"false\" value=\"\" type=\"tel\" name=\"whats\" \/><\/span> <\/label>\n<\/p>\n<p><label> Mensagem<br \/>\n<span class=\"wpcf7-form-control-wrap\" data-name=\"mensagem\"><textarea cols=\"40\" rows=\"10\" class=\"wpcf7-form-control wpcf7-textarea wpcf7-validates-as-required\" aria-required=\"true\" aria-invalid=\"false\" placeholder=\"Como podemos te ajudar?\" name=\"mensagem\"><\/textarea><\/span> <\/label>\n<\/p>\n<p><input class=\"wpcf7-form-control has-spinner wpcf7-submit\" type=\"submit\" value=\"Enviar mensagem\" \/>\n<\/p><p style=\"display: none !important;\"><label>&#916;<textarea name=\"_wpcf7_ak_hp_textarea\" cols=\"45\" rows=\"8\" maxlength=\"100\"><\/textarea><\/label><input type=\"hidden\" id=\"ak_js_1\" name=\"_wpcf7_ak_js\" value=\"14\"\/><script>document.getElementById( \"ak_js_1\" ).setAttribute( \"value\", ( new Date() ).getTime() );<\/script><\/p><div class=\"wpcf7-response-output\" aria-hidden=\"true\"><\/div>\n<\/form>\n<\/div>\n[\/vc_column][vc_column width=&#8221;1\/6&#8243;][\/vc_column][\/vc_row][vc_row full_width=&#8221;stretch_row&#8221; gap=&#8221;40&#8243; equal_height=&#8221;yes&#8221; content_placement=&#8221;middle&#8221; css=&#8221;.vc_custom_1641574370054{padding-top: 96px !important;padding-bottom: 72px !important;background: #923223 url(http:\/\/grupoporttrade.com.br\/wp-content\/uploads\/2021\/07\/MapAzulPortTrade.png?id=14108) !important;background-position: center !important;background-repeat: no-repeat !important;background-size: cover !important;}&#8221;][vc_column animation_delay=&#8221;0&#8243; css_animation=&#8221;bottom-to-top&#8221; width=&#8221;1\/2&#8243; el_class=&#8221;text-align-center&#8221;]<div class=\"et-el-icon large \" style=\"color:#ffffff;\"><span class=\"el-icon fa fa-map-marker-alt animate-false\"><\/span><\/div><div class=\"gap et-clearfix \" style=\"height:16px\"><\/div>[vc_custom_heading text=&#8221;BRASIL&#8221; font_container=&#8221;tag:h6|font_size:18px|text_align:center|color:%23ffffff|line_height:32px&#8221; use_theme_fonts=&#8221;yes&#8221;][vc_custom_heading text=&#8221;R. M\u00e9xico, 31 sala 1502<br \/>\nCentro Rio de Janeiro\/RJ<br \/>\nCEP: 20.031-904&#8243; font_container=&#8221;tag:p|font_size:18px|text_align:center|color:%23ffffff|line_height:32px&#8221; use_theme_fonts=&#8221;yes&#8221;][\/vc_column][vc_column animation_delay=&#8221;0&#8243; width=&#8221;1\/2&#8243; el_class=&#8221;text-align-center&#8221;]<div class=\"et-el-icon large \" style=\"color:#ffffff;\"><span class=\"el-icon fa fa-map-marker-alt animate-false\"><\/span><\/div><div class=\"gap et-clearfix \" style=\"height:16px\"><\/div>[vc_custom_heading text=&#8221;BRASIL&#8221; font_container=&#8221;tag:h6|font_size:18px|text_align:center|color:%23ffffff|line_height:32px&#8221; use_theme_fonts=&#8221;yes&#8221;][vc_custom_heading text=&#8221;Av. Feliciano Sodr\u00e9 266 sala 103<br \/>\nV\u00e1rzea Teres\u00f3polis RJ<br \/>\nCEP: 25963-081&#8243; font_container=&#8221;tag:p|font_size:18px|text_align:center|color:%23ffffff|line_height:32px&#8221; use_theme_fonts=&#8221;yes&#8221;][\/vc_column][vc_column animation_delay=&#8221;0&#8243; width=&#8221;1\/2&#8243; el_class=&#8221;text-align-center&#8221;]<div class=\"et-el-icon large \" style=\"color:#ffffff;\"><span class=\"el-icon fa fa-map-marker-alt animate-false\"><\/span><\/div><div class=\"gap et-clearfix \" style=\"height:16px\"><\/div>[vc_custom_heading text=&#8221;USA&#8221; font_container=&#8221;tag:h6|font_size:18px|text_align:center|color:%23ffffff|line_height:32px&#8221; use_theme_fonts=&#8221;yes&#8221;][vc_custom_heading text=&#8221;2100 NW 129th Avenue<br \/>\nSuite 115<br \/>\nMiami, FL, 33182, USA&#8221; font_container=&#8221;tag:p|font_size:18px|text_align:center|color:%23ffffff|line_height:32px&#8221; use_theme_fonts=&#8221;yes&#8221;][\/vc_column][vc_column animation_delay=&#8221;0&#8243; width=&#8221;1\/2&#8243; el_class=&#8221;text-align-center&#8221;]<div class=\"et-el-icon large \" style=\"color:#ffffff;\"><span class=\"el-icon fa fa-map-marker-alt animate-false\"><\/span><\/div><div class=\"gap et-clearfix \" style=\"height:16px\"><\/div>[vc_custom_heading text=&#8221;ENGLAND&#8221; font_container=&#8221;tag:h6|font_size:18px|text_align:center|color:%23ffffff|line_height:32px&#8221; use_theme_fonts=&#8221;yes&#8221;][vc_custom_heading text=&#8221;22c Bamfurlong Industrial Park<br \/>\nGloucestershire, GL51 6SX<br \/>\nLondon England&#8221; font_container=&#8221;tag:p|font_size:18px|text_align:center|color:%23ffffff|line_height:32px&#8221; use_theme_fonts=&#8221;yes&#8221;][\/vc_column][vc_column animation_delay=&#8221;0&#8243; width=&#8221;1\/2&#8243; el_class=&#8221;text-align-center&#8221;]<div class=\"et-el-icon large \" style=\"color:#ffffff;\"><span class=\"el-icon fa fa-map-marker-alt animate-false\"><\/span><\/div><div class=\"gap et-clearfix \" style=\"height:16px\"><\/div>[vc_custom_heading text=&#8221;SHANGHAI&#8221; font_container=&#8221;tag:h6|font_size:18px|text_align:center|color:%23ffffff|line_height:32px&#8221; use_theme_fonts=&#8221;yes&#8221;][vc_custom_heading text=&#8221;Hitime Tower, Room 528-531<br \/>\n289 Wu Jin Road<br \/>\nXangai 200080&#8243; font_container=&#8221;tag:p|font_size:18px|text_align:center|color:%23ffffff|line_height:32px&#8221; use_theme_fonts=&#8221;yes&#8221;][\/vc_column][vc_column animation_delay=&#8221;0&#8243; width=&#8221;1\/2&#8243; el_class=&#8221;text-align-center&#8221;]<div class=\"et-el-icon large \" style=\"color:#ffffff;\"><span class=\"el-icon fa fa-map-marker-alt animate-false\"><\/span><\/div><div class=\"gap et-clearfix \" style=\"height:16px\"><\/div>[vc_custom_heading text=&#8221;ARGENTINA&#8221; font_container=&#8221;tag:h6|font_size:18px|text_align:center|color:%23ffffff|line_height:32px&#8221; use_theme_fonts=&#8221;yes&#8221;][vc_custom_heading text=&#8221;Libertad 1262, 11th floor, suite A(1012)<br \/>\nCiudad Autonoma de Buenos Aires&#8221; font_container=&#8221;tag:p|font_size:18px|text_align:center|color:%23ffffff|line_height:32px&#8221; use_theme_fonts=&#8221;yes&#8221;][\/vc_column][\/vc_row]<\/p>\n","protected":false},"excerpt":{"rendered":"<p>Leverage agile frameworks to provide a robust synopsis for high level overviews. Iterative approaches to corporate strategy foster collaborative thinking to further the overall value proposition. Organically grow the holistic world view of disruptive innovation via workplace diversity and empowerment.<\/p>\n","protected":false},"author":1,"featured_media":0,"parent":0,"menu_order":0,"comment_status":"closed","ping_status":"closed","template":"page-vc.php","meta":[],"_links":{"self":[{"href":"https:\/\/grupoporttrade.com.br\/index.php\/wp-json\/wp\/v2\/pages\/3389"}],"collection":[{"href":"https:\/\/grupoporttrade.com.br\/index.php\/wp-json\/wp\/v2\/pages"}],"about":[{"href":"https:\/\/grupoporttrade.com.br\/index.php\/wp-json\/wp\/v2\/types\/page"}],"author":[{"embeddable":true,"href":"https:\/\/grupoporttrade.com.br\/index.php\/wp-json\/wp\/v2\/users\/1"}],"replies":[{"embeddable":true,"href":"https:\/\/grupoporttrade.com.br\/index.php\/wp-json\/wp\/v2\/comments?post=3389"}],"version-history":[{"count":52,"href":"https:\/\/grupoporttrade.com.br\/index.php\/wp-json\/wp\/v2\/pages\/3389\/revisions"}],"predecessor-version":[{"id":14834,"href":"https:\/\/grupoporttrade.com.br\/index.php\/wp-json\/wp\/v2\/pages\/3389\/revisions\/14834"}],"wp:attachment":[{"href":"https:\/\/grupoporttrade.com.br\/index.php\/wp-json\/wp\/v2\/media?parent=3389"}],"curies":[{"name":"wp","href":"https:\/\/api.w.org\/{rel}","templated":true}]}}